{"id":58712,"date":"2021-04-26T20:04:49","date_gmt":"2021-04-26T18:04:49","guid":{"rendered":"https:\/\/www.swedishtanners.se\/the-foundation\/"},"modified":"2025-06-28T07:54:10","modified_gmt":"2025-06-28T05:54:10","slug":"the-foundation","status":"publish","type":"page","link":"https:\/\/www.swedishtanners.se\/en\/the-foundation\/","title":{"rendered":"The Foundation"},"content":{"rendered":"<div id='av_section_1'  class='avia-section av-2zn7d7n-ba8bf12dc3caa7df01cc6112a2157811 main_color avia-section-default avia-no-border-styling  avia-builder-el-0  el_before_av_section  avia-builder-el-first  avia-bg-style-scroll container_wrap fullsize'  ><div class='container av-section-cont-open' ><main  role=\"main\" itemprop=\"mainContentOfPage\"  class='template-page content  av-content-full alpha units'><div class='post-entry post-entry-type-page post-entry-58712'><div class='entry-content-wrapper clearfix'>\n\n<style type=\"text\/css\" data-created_by=\"avia_inline_auto\" id=\"style-css-av-2mc1pk3-f7760e4db711c8f64ef18e53db621fb6\">\n.flex_column.av-2mc1pk3-f7760e4db711c8f64ef18e53db621fb6{\npadding:0px 0px 0px 0px;\n}\n<\/style>\n<div  class='flex_column av-2mc1pk3-f7760e4db711c8f64ef18e53db621fb6 av_one_full  avia-builder-el-1  el_before_av_one_half  avia-builder-el-first  first flex_column_div av-zero-column-padding  '     ><section  class='av_textblock_section av-m9rhk1vv-7eb431870cee0b70817a96222766c990 '   itemscope=\"itemscope\" itemtype=\"https:\/\/schema.org\/CreativeWork\" ><div class='avia_textblock'  itemprop=\"text\" ><h1 style=\"text-align: center;\">Foundation for the Promotion of the Tanning Industry<\/h1>\n<p style=\"text-align: center;\">Four companies with production in Sweden make up today&#8217;s Swedish tanning industry. An industry, from Svenljunga in the south to Sattaj\u00e4rvi in the north, that refines the residual products of hides and skins from cattle, reindeer, sheep and lambs into a high-quality material with beauty and comfort as well as unique properties in terms of durability and longevity. The art of making leather, skins, sheepskins and reindeer skins is as ancient as man&#8217;s ability and desire to use the materials. Still, the harmony between hand, brain and heart is important in today&#8217;s quality and environmentally driven businesses.   <\/p>\n<h2 style=\"text-align: center;\">The purpose of the Foundation is to promote research and development<\/h2>\n<p style=\"text-align: center;\">The purpose of the Foundation for the Promotion of the Tanning Industry is to promote research and development concerning the technology, chemistry and economics of the tanning industry and related issues, as well as to award scholarships to persons wishing to improve their knowledge of tanning in Sweden and abroad. Preference shall be given to persons already active in the Swedish tanning industry or the Swedish leather industry. <\/p>\n<p style=\"text-align: center;\">In this sense, Swedish designers, researchers and technicians, etc. are an important target group for the Foundation. These professional groups are a prerequisite for Swedish manufacturers of leather, skins, reindeer skins and lamb and sheep furs to be able to meet both current and future demands and requirements for material properties and manufacturing methods. In this context, the Foundation has good experience of many years of cooperation with <a href=\"https:\/\/ungsvenskform.se\" target=\"_blank\" rel=\"noopener\">Ung Svensk Form<\/a>.  <\/p>\n<\/div><\/section><\/div>\n<style type=\"text\/css\" data-created_by=\"avia_inline_auto\" id=\"style-css-av-291fccj-ca40d7e537bea329465a6c11d29091fa\">\n.flex_column.av-291fccj-ca40d7e537bea329465a6c11d29091fa{\nborder-radius:10px 10px 10px 10px;\npadding:25px 25px 25px 25px;\nbackground-color:#ededed;\n}\n<\/style>\n<div  class='flex_column av-291fccj-ca40d7e537bea329465a6c11d29091fa av_one_half  avia-builder-el-3  el_after_av_one_full  el_before_av_one_half  first flex_column_div  column-top-margin'     ><p>\n<style type=\"text\/css\" data-created_by=\"avia_inline_auto\" id=\"style-css-av-m9rk30n3-baed6b7e220284dbf2d36b729e547f4b\">\n.avia-image-container.av-m9rk30n3-baed6b7e220284dbf2d36b729e547f4b img.avia_image{\nbox-shadow:none;\n}\n.avia-image-container.av-m9rk30n3-baed6b7e220284dbf2d36b729e547f4b .av-image-caption-overlay-center{\ncolor:#ffffff;\n}\n<\/style>\n<div  class='avia-image-container av-m9rk30n3-baed6b7e220284dbf2d36b729e547f4b av-styling- avia-align-center  avia-builder-el-4  el_before_av_textblock  avia-builder-el-first '   itemprop=\"image\" itemscope=\"itemscope\" itemtype=\"https:\/\/schema.org\/ImageObject\" ><div class=\"avia-image-container-inner\"><div class=\"avia-image-overlay-wrap\"><img decoding=\"async\" fetchpriority=\"high\" class='wp-image-58552 avia-img-lazy-loading-not-58552 avia_image ' src=\"https:\/\/www.swedishtanners.se\/wp-content\/uploads\/2025\/04\/Clothes-Design-Animal-Skin-Streamline-Ultimate.png\" alt='' title='Skinnet \u00e5terspeglar hur djuret har behandlats'  height=\"80\" width=\"80\"  itemprop=\"thumbnailUrl\" srcset=\"https:\/\/www.swedishtanners.se\/wp-content\/uploads\/2025\/04\/Clothes-Design-Animal-Skin-Streamline-Ultimate.png 80w, https:\/\/www.swedishtanners.se\/wp-content\/uploads\/2025\/04\/Clothes-Design-Animal-Skin-Streamline-Ultimate-36x36.png 36w\" sizes=\"(max-width: 80px) 100vw, 80px\" \/><\/div><\/div><\/div><br \/>\n<section  class='av_textblock_section av-m9rhki2i-feb7bdcb7138db71a739b9dd417c4fdc '   itemscope=\"itemscope\" itemtype=\"https:\/\/schema.org\/CreativeWork\" ><div class='avia_textblock'  itemprop=\"text\" ><h2 style=\"text-align: center;\">Leather, skins, sheepskins and reindeer skins create products for the future<\/h2>\n<p style=\"text-align: center;\">It is the Foundation&#8217;s firm belief that leather, skins, sheepskins and reindeer skins are products for the future and that the path towards new, as yet untested, areas of application and segments can be developed for the renewal of a natural material that communicates sustainability and that we humans have processed, used and appreciated since ancient times.<\/p>\n<\/div><\/section><\/p><\/div>\n<style type=\"text\/css\" data-created_by=\"avia_inline_auto\" id=\"style-css-av-39mayr-e8c84c2abe3d52dc1df0478de1e6c396\">\n.flex_column.av-39mayr-e8c84c2abe3d52dc1df0478de1e6c396{\nborder-radius:10px 10px 10px 10px;\npadding:25px 25px 25px 25px;\nbackground-color:#ededed;\n}\n<\/style>\n<div  class='flex_column av-39mayr-e8c84c2abe3d52dc1df0478de1e6c396 av_one_half  avia-builder-el-6  el_after_av_one_half  el_before_av_one_half  flex_column_div  column-top-margin'     ><p>\n<style type=\"text\/css\" data-created_by=\"avia_inline_auto\" id=\"style-css-av-m9rk3eow-d0eb25d4fa3879b190f1a6c972d21c4b\">\n.avia-image-container.av-m9rk3eow-d0eb25d4fa3879b190f1a6c972d21c4b img.avia_image{\nbox-shadow:none;\n}\n.avia-image-container.av-m9rk3eow-d0eb25d4fa3879b190f1a6c972d21c4b .av-image-caption-overlay-center{\ncolor:#ffffff;\n}\n<\/style>\n<div  class='avia-image-container av-m9rk3eow-d0eb25d4fa3879b190f1a6c972d21c4b av-styling- avia-align-center  avia-builder-el-7  el_before_av_textblock  avia-builder-el-first '   itemprop=\"image\" itemscope=\"itemscope\" itemtype=\"https:\/\/schema.org\/ImageObject\" ><div class=\"avia-image-container-inner\"><div class=\"avia-image-overlay-wrap\"><img decoding=\"async\" fetchpriority=\"high\" class='wp-image-58547 avia-img-lazy-loading-not-58547 avia_image ' src=\"https:\/\/www.swedishtanners.se\/wp-content\/uploads\/2025\/04\/Saving-Bull-Increase-Streamline-Ultimate.png\" alt='' title='Saving-Bull-Increase--Streamline-Ultimate'  height=\"80\" width=\"80\"  itemprop=\"thumbnailUrl\" srcset=\"https:\/\/www.swedishtanners.se\/wp-content\/uploads\/2025\/04\/Saving-Bull-Increase-Streamline-Ultimate.png 80w, https:\/\/www.swedishtanners.se\/wp-content\/uploads\/2025\/04\/Saving-Bull-Increase-Streamline-Ultimate-36x36.png 36w\" sizes=\"(max-width: 80px) 100vw, 80px\" \/><\/div><\/div><\/div><br \/>\n<section  class='av_textblock_section av-m9rhkmsx-78f11e75b1c21da36702e48d016384c3 '   itemscope=\"itemscope\" itemtype=\"https:\/\/schema.org\/CreativeWork\" ><div class='avia_textblock'  itemprop=\"text\" ><h2 style=\"text-align: center;\">Application for a grant for the promotion of the tanning industry<\/h2>\n<p style=\"text-align: center;\">The Foundation awards scholarships that correspond to its purpose. Scholarship applications are processed at the foundation&#8217;s regular meetings in May and November. The scholarship application must include a detailed explanation of why you should be granted a scholarship, as well as contact information and preferably references. <\/p>\n<\/div><\/section><\/p><\/div><div class='flex_column_table av-15e70zn-fa6bbe6fd09c681cd98418a1a1c55790 sc-av_one_half av-equal-height-column-flextable'><div  class='flex_column av-15e70zn-fa6bbe6fd09c681cd98418a1a1c55790 av_one_half  avia-builder-el-9  el_after_av_one_half  el_before_av_one_half  first flex_column_table_cell av-equal-height-column av-align-middle  column-top-margin'     ><section  class='av_textblock_section av-m9rhmepu-a11df7dd3a7ee6c22eafed4a5362f045 '   itemscope=\"itemscope\" itemtype=\"https:\/\/schema.org\/CreativeWork\" ><div class='avia_textblock'  itemprop=\"text\" ><h3 style=\"text-align: center;\">Who can apply for a grant?<\/h3>\n<p style=\"text-align: center;\">The Foundation awards scholarships that correspond to its purpose.<\/p>\n<h3 style=\"text-align: center;\">When can you apply for a grant?<\/h3>\n<p style=\"text-align: center;\">Applications must be received by the Foundation by April 15 and October 15 respectively.<\/p>\n<h3 style=\"text-align: center;\">How do I apply for a grant?<\/h3>\n<p style=\"text-align: center;\">Print and fill in <b>all the<\/b> forms and send them to us by post or email. Download the scholarship application and personal data management forms via the links below. <\/p>\n<\/div><\/section><\/div><div class='av-flex-placeholder'><\/div><div  class='flex_column av-w19tr7-f75919a841d1e03a98cc1c5c4f0f56cf av_one_half  avia-builder-el-11  el_after_av_one_half  avia-builder-el-last  flex_column_table_cell av-equal-height-column av-align-middle  column-top-margin'     ><p><div  class='avia-button-wrap av-m9rhnvw9-7303729317d32ec6d5bc13666549c41d-wrap avia-button-center  avia-builder-el-12  el_before_av_hr  avia-builder-el-first '>\n<style type=\"text\/css\" data-created_by=\"avia_inline_auto\" id=\"style-css-av-m9rhnvw9-7303729317d32ec6d5bc13666549c41d\">\n#top #wrap_all .avia-button.av-m9rhnvw9-7303729317d32ec6d5bc13666549c41d{\nfont-size:16px;\ntransition:all 0.4s ease-in-out;\n}\n<\/style>\n<a href='\/wp-content\/uploads\/2022\/06\/stiftelsen-for-garverinaringens-framjande_ansokan-bidrag.pdf'  class='avia-button av-m9rhnvw9-7303729317d32ec6d5bc13666549c41d av-link-btn avia-icon_select-no avia-size-large avia-position-center avia-color-theme-color'  target=\"_blank\"  rel=\"noopener noreferrer\"  aria-label=\"Download the grant application\"><span class='avia_iconbox_title' >Download the grant application<\/span><\/a><\/div><br \/>\n\n<style type=\"text\/css\" data-created_by=\"avia_inline_auto\" id=\"style-css-av-m9rhrdc7-adf35524f28475fa76f386de757c53ab\">\n#top .hr.hr-invisible.av-m9rhrdc7-adf35524f28475fa76f386de757c53ab{\nheight:20px;\n}\n<\/style>\n<div  class='hr av-m9rhrdc7-adf35524f28475fa76f386de757c53ab hr-invisible  avia-builder-el-13  el_after_av_button  el_before_av_button '><span class='hr-inner '><span class=\"hr-inner-style\"><\/span><\/span><\/div><br \/>\n<div  class='avia-button-wrap av-m9rhph09-8b7465874e8d18fa8a541a610cbcb956-wrap avia-button-center  avia-builder-el-14  el_after_av_hr  el_before_av_hr '>\n<style type=\"text\/css\" data-created_by=\"avia_inline_auto\" id=\"style-css-av-m9rhph09-8b7465874e8d18fa8a541a610cbcb956\">\n#top #wrap_all .avia-button.av-m9rhph09-8b7465874e8d18fa8a541a610cbcb956{\nfont-size:16px;\ntransition:all 0.4s ease-in-out;\n}\n<\/style>\n<a href='\/wp-content\/uploads\/2021\/05\/stiftelsen-for-garverinaringens-framjande_samtycke-till-personuppgiftsbehandling.pdf'  class='avia-button av-m9rhph09-8b7465874e8d18fa8a541a610cbcb956 av-link-btn avia-icon_select-no avia-size-large avia-position-center avia-color-theme-color'  target=\"_blank\"  rel=\"noopener noreferrer\"  aria-label=\"Download personal data management\"><span class='avia_iconbox_title' >Download personal data management<\/span><\/a><\/div><br \/>\n\n<style type=\"text\/css\" data-created_by=\"avia_inline_auto\" id=\"style-css-av-lhs4rn-f49a2b6baa17ae5e198eef2ac65f8b4d\">\n#top .hr.hr-invisible.av-lhs4rn-f49a2b6baa17ae5e198eef2ac65f8b4d{\nheight:20px;\n}\n<\/style>\n<div  class='hr av-lhs4rn-f49a2b6baa17ae5e198eef2ac65f8b4d hr-invisible  avia-builder-el-15  el_after_av_button  el_before_av_button '><span class='hr-inner '><span class=\"hr-inner-style\"><\/span><\/span><\/div><br \/>\n<div  class='avia-button-wrap av-m9rhqazg-6bbc1918dedfff90efddfb6ac9dc790d-wrap avia-button-center  avia-builder-el-16  el_after_av_hr  avia-builder-el-last '>\n<style type=\"text\/css\" data-created_by=\"avia_inline_auto\" id=\"style-css-av-m9rhqazg-6bbc1918dedfff90efddfb6ac9dc790d\">\n#top #wrap_all .avia-button.av-m9rhqazg-6bbc1918dedfff90efddfb6ac9dc790d{\nfont-size:16px;\ntransition:all 0.4s ease-in-out;\n}\n<\/style>\n<a href='https:\/\/www.swedishtanners.se\/en\/privacy-policy\/'  class='avia-button av-m9rhqazg-6bbc1918dedfff90efddfb6ac9dc790d av-link-btn avia-icon_select-no avia-size-large avia-position-center avia-color-theme-color'  target=\"_blank\"  rel=\"noopener noreferrer\"  aria-label=\"Read our privacy policy\"><span class='avia_iconbox_title' >Read our privacy policy<\/span><\/a><\/div><\/p><\/div><\/div><!--close column table wrapper. Autoclose: 1 --><\/div><\/div><\/main><!-- close content main element --><\/div><\/div>\n<style type=\"text\/css\" data-created_by=\"avia_inline_auto\" id=\"style-css-av-m9rhtrgq-73ad9f30bba3a04d10351dfcbbdfb21c\">\n.avia-section.av-m9rhtrgq-73ad9f30bba3a04d10351dfcbbdfb21c{\nbackground-color:#ededed;\nbackground-image:unset;\nposition:relative;\n}\n.avia-section.av-m9rhtrgq-73ad9f30bba3a04d10351dfcbbdfb21c .avia-divider-svg-top svg{\nheight:50px;\nwidth:calc(100% + 1.3px);\nfill:#ffffff;\n}\n.avia-section.av-m9rhtrgq-73ad9f30bba3a04d10351dfcbbdfb21c .avia-divider-svg-bottom svg{\nheight:50px;\nwidth:calc(100% + 1.3px);\nfill:#5e4329;\n}\n<\/style>\n<div id='av_section_2'  class='avia-section av-m9rhtrgq-73ad9f30bba3a04d10351dfcbbdfb21c main_color avia-section-default avia-no-border-styling  avia-builder-el-17  el_after_av_section  avia-builder-el-last  avia-bg-style-scroll container_wrap fullsize'  ><div class='avia-divider-svg avia-divider-svg-waves avia-divider-svg-top avia-svg-original'><svg xmlns=\"http:\/\/www.w3.org\/2000\/svg\" viewBox=\"0 0 1000 100\" preserveAspectRatio=\"none\">\n\t<path d=\"M421.9,6.5c22.6-2.5,51.5,0.4,75.5,5.3c23.6,4.9,70.9,23.5,100.5,35.7c75.8,32.2,133.7,44.5,192.6,49.7\n\tc23.6,2.1,48.7,3.5,103.4-2.5c54.7-6,106.2-25.6,106.2-25.6V0H0v30.3c0,0,72,32.6,158.4,30.5c39.2-0.7,92.8-6.7,134-22.4\n\tc21.2-8.1,52.2-18.2,79.7-24.2C399.3,7.9,411.6,7.5,421.9,6.5z\"\/>\n<\/svg><\/div><div class='avia-divider-svg avia-divider-svg-waves avia-divider-svg-bottom avia-svg-original'><svg xmlns=\"http:\/\/www.w3.org\/2000\/svg\" viewBox=\"0 0 1000 100\" preserveAspectRatio=\"none\">\n\t<path d=\"M421.9,6.5c22.6-2.5,51.5,0.4,75.5,5.3c23.6,4.9,70.9,23.5,100.5,35.7c75.8,32.2,133.7,44.5,192.6,49.7\n\tc23.6,2.1,48.7,3.5,103.4-2.5c54.7-6,106.2-25.6,106.2-25.6V0H0v30.3c0,0,72,32.6,158.4,30.5c39.2-0.7,92.8-6.7,134-22.4\n\tc21.2-8.1,52.2-18.2,79.7-24.2C399.3,7.9,411.6,7.5,421.9,6.5z\"\/>\n<\/svg><\/div><div class='container av-section-cont-open' ><div class='template-page content  av-content-full alpha units'><div class='post-entry post-entry-type-page post-entry-58712'><div class='entry-content-wrapper clearfix'>\n\n<style type=\"text\/css\" data-created_by=\"avia_inline_auto\" id=\"style-css-av-m9rk8t37-cf7f70170a91b9455d42c6ac666e49c0\">\n#top .hr.hr-invisible.av-m9rk8t37-cf7f70170a91b9455d42c6ac666e49c0{\nheight:25px;\n}\n<\/style>\n<div  class='hr av-m9rk8t37-cf7f70170a91b9455d42c6ac666e49c0 hr-invisible  avia-builder-el-18  el_before_av_one_full  avia-builder-el-first '><span class='hr-inner '><span class=\"hr-inner-style\"><\/span><\/span><\/div>\n<div class='flex_column_table av-240yuw3-d80abe5b60cadf11d8afcb13c6a18b42 sc-av_one_full av-equal-height-column-flextable'><div  class='flex_column av-240yuw3-d80abe5b60cadf11d8afcb13c6a18b42 av_one_full  avia-builder-el-19  el_after_av_hr  el_before_av_one_third  first flex_column_table_cell av-equal-height-column av-align-middle  '     ><section  class='av_textblock_section av-m9rhu08x-833146ce3dc0f07d0c08fe117f0a4834 '   itemscope=\"itemscope\" itemtype=\"https:\/\/schema.org\/CreativeWork\" ><div class='avia_textblock'  itemprop=\"text\" ><h2 style=\"text-align: center;\">Contact the Foundation for the Promotion of the Tanning Industry<\/h2>\n<\/div><\/section><\/div><\/div><!--close column table wrapper. Autoclose: 1 --><div class='flex_column_table av-1fsbtj7-5bf491de88287db632ebd2d4423cfa63 sc-av_one_third av-equal-height-column-flextable'><div  class='flex_column av-1fsbtj7-5bf491de88287db632ebd2d4423cfa63 av_one_third  avia-builder-el-21  el_after_av_one_full  el_before_av_two_third  first flex_column_table_cell av-equal-height-column av-align-middle  column-top-margin'     ><section  class='av_textblock_section av-1cpah7n-0a0110857da9ada4f469665fd446e640 '   itemscope=\"itemscope\" itemtype=\"https:\/\/schema.org\/CreativeWork\" ><div class='avia_textblock'  itemprop=\"text\" ><h4 style=\"text-align: center;\"><img loading=\"lazy\" decoding=\"async\" class=\"wp-image-57919 aligncenter\" src=\"https:\/\/www.swedishtanners.se\/wp-content\/uploads\/2025\/04\/Phone-Streamline-Ultimate.png\" alt=\"\" width=\"40\" height=\"40\" srcset=\"https:\/\/www.swedishtanners.se\/wp-content\/uploads\/2025\/04\/Phone-Streamline-Ultimate.png 80w, https:\/\/www.swedishtanners.se\/wp-content\/uploads\/2025\/04\/Phone-Streamline-Ultimate-36x36.png 36w\" sizes=\"auto, (max-width: 40px) 100vw, 40px\" \/><\/h4>\n<h4 style=\"text-align: center;\">  Telephone number<\/h4>\n<p style=\"text-align: center;\"><a href=\"tel:+46706113402\">+46 706-113 402<\/a><\/p>\n<h4 style=\"text-align: center;\"><img loading=\"lazy\" decoding=\"async\" class=\"wp-image-57917 aligncenter\" src=\"https:\/\/www.swedishtanners.se\/wp-content\/uploads\/2025\/04\/Read-Email-At-1-Streamline-Ultimate.png\" alt=\"\" width=\"40\" height=\"40\" srcset=\"https:\/\/www.swedishtanners.se\/wp-content\/uploads\/2025\/04\/Read-Email-At-1-Streamline-Ultimate.png 80w, https:\/\/www.swedishtanners.se\/wp-content\/uploads\/2025\/04\/Read-Email-At-1-Streamline-Ultimate-36x36.png 36w\" sizes=\"auto, (max-width: 40px) 100vw, 40px\" \/><\/h4>\n<h4 style=\"text-align: center;\">E-mail address<\/h4>\n<p style=\"text-align: center;\"><a href=\"mailto:stiftelsen@swedishtanners.se\">stiftelsen@swedishtanners.se<\/a><\/p>\n<h4><img loading=\"lazy\" decoding=\"async\" class=\"wp-image-57918 aligncenter\" src=\"https:\/\/www.swedishtanners.se\/wp-content\/uploads\/2025\/04\/Email-Action-Unread-Streamline-Ultimate.png\" alt=\"\" width=\"40\" height=\"40\" srcset=\"https:\/\/www.swedishtanners.se\/wp-content\/uploads\/2025\/04\/Email-Action-Unread-Streamline-Ultimate.png 80w, https:\/\/www.swedishtanners.se\/wp-content\/uploads\/2025\/04\/Email-Action-Unread-Streamline-Ultimate-36x36.png 36w\" sizes=\"auto, (max-width: 40px) 100vw, 40px\" \/><\/h4>\n<h4 style=\"text-align: center;\">Postal address<\/h4>\n<p style=\"text-align: center;\"><strong>Stiftelsen f\u00f6r tanverin\u00e4ringens fr\u00e4mjande<\/strong><br \/>\nc\/o Lennartsson<br \/>\nSagov\u00e4gen 11, lgh 1202<br \/>\n907 54 Ume\u00e5<\/p>\n<\/div><\/section><\/div><div class='av-flex-placeholder'><\/div><div  class='flex_column av-nxjfc3-09e6a053382acab7c950c3081403273f av_two_third  avia-builder-el-23  el_after_av_one_third  avia-builder-el-last  flex_column_table_cell av-equal-height-column av-align-middle  column-top-margin'     ><form action=\"https:\/\/www.swedishtanners.se\/en\/the-foundation\/\" method=\"post\" data-fields-with-error=\"Found errors in the following field(s):\" class=\"avia_ajax_form av-form-labels-visible   avia-builder-el-24  avia-builder-el-no-sibling   \" data-avia-form-id=\"1\" data-avia-redirect=''  aria-label='Formul\u00e4r' ><h3 class=''>Send us an email<\/h3><fieldset><p class='  first_form  form_element form_element_half' id='element_avia_1_1'><label for=\"avia_1_1\">First name <abbr class=\"required\" title=\"required\">*<\/abbr><\/label> <input name=\"avia_1_1\" class=\"text_input is_empty\" type=\"text\" id=\"avia_1_1\" value=\"\" \/><\/p><p class='  form_element form_element_half' id='element_avia_2_1'><label for=\"avia_2_1\">Surname <abbr class=\"required\" title=\"required\">*<\/abbr><\/label> <input name=\"avia_2_1\" class=\"text_input is_empty\" type=\"text\" id=\"avia_2_1\" value=\"\" \/><\/p><p class='  first_form  form_element form_element_half' id='element_avia_3_1'><label for=\"avia_3_1\">E-mail: <abbr class=\"required\" title=\"required\">*<\/abbr><\/label> <input name=\"avia_3_1\" class=\"text_input is_email\" type=\"text\" id=\"avia_3_1\" value=\"\" \/><\/p><p class='  form_element form_element_half' id='element_avia_4_1'><label for=\"avia_4_1\">Telephone number<\/label> <input name=\"avia_4_1\" class=\"text_input \" type=\"text\" id=\"avia_4_1\" value=\"\" \/><\/p><p class='  first_form  form_element form_fullwidth av-last-visible-form-element' id='element_avia_5_1'><label for=\"avia_5_1\" class=\"textare_label hidden textare_label_avia_5_1\">Message <abbr class=\"required\" title=\"required\">*<\/abbr><\/label><textarea  name=\"avia_5_1\" class=\"text_area is_empty\" cols=\"40\" rows=\"7\" id=\"avia_5_1\" ><\/textarea><\/p><p class=\"hidden\"><input type=\"text\" name=\"avia_6_1\" class=\"hidden \" id=\"avia_6_1\" value=\"\" \/><\/p><p class=\"form_element \"><input type=\"hidden\" value=\"1\" name=\"avia_generated_form1\" \/><input type=\"submit\" value=\"Submit\" class=\"button\"  data-sending-label=\"Sending\"\/><\/p><\/fieldset><\/form><div id=\"ajaxresponse_1\" class=\"ajaxresponse ajaxresponse_1 hidden\"><\/div><\/div><\/div><!--close column table wrapper. Autoclose: 1 -->\n<\/p>\n","protected":false},"excerpt":{"rendered":"","protected":false},"author":12,"featured_media":0,"parent":0,"menu_order":0,"comment_status":"closed","ping_status":"closed","template":"","meta":{"inline_featured_image":false,"footnotes":""},"class_list":["post-58712","page","type-page","status-publish","hentry"],"_links":{"self":[{"href":"https:\/\/www.swedishtanners.se\/en\/wp-json\/wp\/v2\/pages\/58712","targetHints":{"allow":["GET"]}}],"collection":[{"href":"https:\/\/www.swedishtanners.se\/en\/wp-json\/wp\/v2\/pages"}],"about":[{"href":"https:\/\/www.swedishtanners.se\/en\/wp-json\/wp\/v2\/types\/page"}],"author":[{"embeddable":true,"href":"https:\/\/www.swedishtanners.se\/en\/wp-json\/wp\/v2\/users\/12"}],"replies":[{"embeddable":true,"href":"https:\/\/www.swedishtanners.se\/en\/wp-json\/wp\/v2\/comments?post=58712"}],"version-history":[{"count":9,"href":"https:\/\/www.swedishtanners.se\/en\/wp-json\/wp\/v2\/pages\/58712\/revisions"}],"predecessor-version":[{"id":58763,"href":"https:\/\/www.swedishtanners.se\/en\/wp-json\/wp\/v2\/pages\/58712\/revisions\/58763"}],"wp:attachment":[{"href":"https:\/\/www.swedishtanners.se\/en\/wp-json\/wp\/v2\/media?parent=58712"}],"curies":[{"name":"wp","href":"https:\/\/api.w.org\/{rel}","templated":true}]}}